{"id":1420,"date":"2023-02-19T17:03:14","date_gmt":"2023-02-19T17:03:14","guid":{"rendered":"https:\/\/plnindigenas.org\/?page_id=1420"},"modified":"2023-02-19T17:12:22","modified_gmt":"2023-02-19T17:12:22","slug":"documentos-para-descargar","status":"publish","type":"page","link":"https:\/\/plnindigenas.org\/index.php\/documentos-para-descargar\/","title":{"rendered":"Documentos para descargar"},"content":{"rendered":"\n<figure class=\"wp-block-table\"><table><tbody><tr><td><strong>Nombre de documento<\/strong><\/td><td class=\"has-text-align-center\" data-align=\"center\"><strong>Descargar<\/strong><\/td><td class=\"has-text-align-center\" data-align=\"center\"><strong>Decargar<\/strong><\/td><\/tr><tr><td>Requisitos para extenso<\/td><td class=\"has-text-align-center\" data-align=\"center\"><a href=\"https:\/\/plnindigenas.org\/wp-content\/uploads\/2023\/02\/requisitos_para_extenso.docx\" target=\"_blank\" rel=\"noreferrer noopener\">word<\/a><\/td><td class=\"has-text-align-center\" data-align=\"center\"><a href=\"https:\/\/plnindigenas.org\/wp-content\/uploads\/2023\/02\/requisitos_para_extenso.pdf\" target=\"_blank\" rel=\"noreferrer noopener\">pdf<\/a><\/td><\/tr><tr><td>Plantilla para extenso<\/td><td class=\"has-text-align-center\" data-align=\"center\"><a href=\"https:\/\/plnindigenas.org\/wp-content\/uploads\/2023\/02\/plantilla_para_extenso.docx\" target=\"_blank\" rel=\"noreferrer noopener\">word<\/a><\/td><td class=\"has-text-align-center\" data-align=\"center\"><a href=\"https:\/\/plnindigenas.org\/wp-content\/uploads\/2023\/02\/plantilla_para_extenso.pdf\" target=\"_blank\" rel=\"noreferrer noopener\">pdf<\/a><\/td><\/tr><tr><td>Declaraci\u00f3n de originalidad y autorizaci\u00f3n para publicaci\u00f3n<\/td><td class=\"has-text-align-center\" data-align=\"center\"><a href=\"https:\/\/plnindigenas.org\/wp-content\/uploads\/2023\/02\/declaracion_de_originalidad.doc\" target=\"_blank\" rel=\"noreferrer noopener\">word<\/a><\/td><td class=\"has-text-align-center\" data-align=\"center\"><a href=\"https:\/\/plnindigenas.org\/wp-content\/uploads\/2023\/02\/declaracion_de_originalidad.pdf\" target=\"_blank\" rel=\"noreferrer noopener\">pdf<\/a><\/td><\/tr><\/tbody><\/table><\/figure>\n","protected":false},"excerpt":{"rendered":"<p>Nombre de documento Descargar Decargar Requisitos para extenso word pdf Plantilla para extenso word pdf Declaraci\u00f3n de originalidad y autorizaci\u00f3n para publicaci\u00f3n word pdf<\/p>\n","protected":false},"author":3,"featured_media":0,"parent":0,"menu_order":0,"comment_status":"closed","ping_status":"closed","template":"","meta":{"footnotes":""},"class_list":["post-1420","page","type-page","status-publish","hentry"],"_links":{"self":[{"href":"https:\/\/plnindigenas.org\/index.php\/wp-json\/wp\/v2\/pages\/1420","targetHints":{"allow":["GET"]}}],"collection":[{"href":"https:\/\/plnindigenas.org\/index.php\/wp-json\/wp\/v2\/pages"}],"about":[{"href":"https:\/\/plnindigenas.org\/index.php\/wp-json\/wp\/v2\/types\/page"}],"author":[{"embeddable":true,"href":"https:\/\/plnindigenas.org\/index.php\/wp-json\/wp\/v2\/users\/3"}],"replies":[{"embeddable":true,"href":"https:\/\/plnindigenas.org\/index.php\/wp-json\/wp\/v2\/comments?post=1420"}],"version-history":[{"count":6,"href":"https:\/\/plnindigenas.org\/index.php\/wp-json\/wp\/v2\/pages\/1420\/revisions"}],"predecessor-version":[{"id":1440,"href":"https:\/\/plnindigenas.org\/index.php\/wp-json\/wp\/v2\/pages\/1420\/revisions\/1440"}],"wp:attachment":[{"href":"https:\/\/plnindigenas.org\/index.php\/wp-json\/wp\/v2\/media?parent=1420"}],"curies":[{"name":"wp","href":"https:\/\/api.w.org\/{rel}","templated":true}]}}