{"id":1079,"date":"2015-07-29T13:44:44","date_gmt":"2015-07-29T13:44:44","guid":{"rendered":"https:\/\/blockart-agency.sites.qsandbox.com\/?page_id=4"},"modified":"2025-10-15T17:52:26","modified_gmt":"2025-10-15T17:52:26","slug":"home","status":"publish","type":"page","link":"https:\/\/plnindigenas.org\/","title":{"rendered":"Inicio"},"content":{"rendered":"\n<div class=\"blockart-section blockart-section-3274e693\"><div class=\"blockart-container\"><div class=\"blockart-section-inner\">\n<div class=\"blockart-column blockart-column-5c451749\"><div class=\"blockart-column-inner\">\n\n<div class=\"blockart-button blockart-button-18297107 \"><a class=\"blockart-button-link is-custom is-style-filled\" href=\"https:\/\/meet.google.com\/xxe-adhp-kev\">Transmisi\u00f3n en vivo<\/a><\/div>\n\n<p class=\"blockart-paragraph blockart-paragraph-1ad4af93\">El comit\u00e9 organizador del 5to Congreso Internacional de Procesamiento de Lenguaje Natural para las Lenguas Ind\u00edgenas, te invita a participar como ponente o asistente. Revisa la convocatoria para conocer los lineamientos y realiza el registro de tu art\u00edculo.<\/p>\n<div class=\"blockart-buttons blockart-buttons-8fc06523 is-horizontal is-wrap\">\n\n<div class=\"blockart-button blockart-button-18297107 \"><a class=\"blockart-button-link is-custom is-style-filled\" href=\"https:\/\/plnindigenas.org\/wp-content\/uploads\/2025\/09\/manual-video.pdf\"> Manual para grabar video de presentaci\u00f3n <\/a><\/div>\n<div class=\"blockart-button blockart-button-18297107 \"><a class=\"blockart-button-link is-custom is-style-filled\" href=\"https:\/\/plnindigenas.org\/wp-content\/uploads\/2025\/09\/PLNindigenas-2025-convocatoria.pdf\">Convocatoria<\/a><\/div>\n<div class=\"blockart-button blockart-button-18297107 \"><a class=\"blockart-button-link is-custom is-style-filled\" href=\"https:\/\/plnindigenas.org\/wp-content\/uploads\/2025\/09\/PLNindigenas-2025-convocatoria.pdf\">Informaci\u00f3n General<\/a><\/div>\n<\/div>\n<\/div><\/div>\n<div class=\"blockart-column blockart-column-717e808b\"><div class=\"blockart-column-inner\">\n<div class=\"blockart-image blockart-image-6f3ae846\"><img decoding=\"async\" class=\"wp-image-1493\" src=\"https:\/\/plnindigenas.org\/wp-content\/uploads\/2025\/07\/Poster-PLNindigenas-2025_.jpg\" alt=\"\"\/><\/div>\n<\/div><\/div>\n<\/div><\/div><\/div>\n\n\n\n<div class=\"blockart-section blockart-section-ca3b7b9f\"><div class=\"blockart-container-fluid\"><div class=\"blockart-section-inner\">\n<div class=\"blockart-column blockart-column-5fa93e18\"><div class=\"blockart-column-inner\">\n<div class=\"blockart-image blockart-image-f8461aa0\"><img loading=\"lazy\" decoding=\"async\" class=\"wp-image-81\" src=\"https:\/\/plnindigenas.org\/wp-content\/uploads\/2021\/12\/icon-research.png\" alt=\"\" height=\"64\" width=\"65\"\/><\/div>\n<h2 class=\"blockart-heading blockart-heading-12f0ef49\"><a href=\"https:\/\/plnindigenas.org\/wp-content\/uploads\/2025\/09\/PLNindigenas-2025-convocatoria.pdf\" target=\"_blank\" rel=\"noreferrer noopener\">INFORMACI\u00d3N<\/a><\/h2>\n<\/div><\/div>\n<div class=\"blockart-column blockart-column-4eff3299\"><div class=\"blockart-column-inner\">\n<div class=\"blockart-image blockart-image-9a37870e\"><img loading=\"lazy\" decoding=\"async\" class=\"wp-image-85\" src=\"https:\/\/plnindigenas.org\/wp-content\/uploads\/2021\/12\/icon-idea.png\" alt=\"\" height=\"65\" width=\"64\"\/><\/div>\n<h2 class=\"blockart-heading blockart-heading-2276db7c\"><a href=\"https:\/\/plnindigenas.org\/wp-content\/uploads\/2025\/09\/PLNindigenas-2025-convocatoria.pdf\" target=\"_blank\" rel=\"noreferrer noopener\">Convocatoria<\/a><\/h2>\n<\/div><\/div>\n<div class=\"blockart-column blockart-column-e090615f\"><div class=\"blockart-column-inner\">\n<div class=\"blockart-image blockart-image-1db335ff\"><img loading=\"lazy\" decoding=\"async\" class=\"wp-image-80\" src=\"https:\/\/plnindigenas.org\/wp-content\/uploads\/2021\/12\/icon-pixel-perfect.png\" alt=\"\" height=\"67\" width=\"66\"\/><\/div>\n<h2 class=\"blockart-heading blockart-heading-e868582c\"><a href=\"https:\/\/plnindigenas.org\/index.php\/programa\">Programa<\/a><\/h2>\n<\/div><\/div>\n<div class=\"blockart-column blockart-column-71394df3\"><div class=\"blockart-column-inner\">\n<div class=\"blockart-image blockart-image-1460ab37\"><img loading=\"lazy\" decoding=\"async\" class=\"wp-image-82\" src=\"https:\/\/plnindigenas.org\/wp-content\/uploads\/2021\/12\/icon-seo-friendly.png\" alt=\"\" height=\"66\" width=\"64\"\/><\/div>\n<h2 class=\"blockart-heading blockart-heading-e08baca8\"><a href=\"https:\/\/plnindigenas.org\/index.php\/sede\/\">sede<\/a><\/h2>\n<\/div><\/div>\n<div class=\"blockart-column blockart-column-b9af5683\"><div class=\"blockart-column-inner\">\n<div class=\"blockart-image blockart-image-1886d445\"><img loading=\"lazy\" decoding=\"async\" class=\"wp-image-1412\" src=\"https:\/\/plnindigenas.org\/wp-content\/uploads\/2023\/01\/pagar-2.png\" alt=\"\" height=\"70\" width=\"70\"\/><\/div>\n<h2 class=\"blockart-heading blockart-heading-caca05f3\"><a href=\"http:\/\/148.216.1.59\/evento\/app\/PLNindigenas2025\/\" target=\"_blank\" rel=\"noreferrer noopener\">pagar<\/a><\/h2>\n<\/div><\/div>\n<\/div><\/div><\/div>\n\n\n\n<div class=\"blockart-section blockart-section-25a53b30\"><div class=\"blockart-container\"><div class=\"blockart-section-inner\">\n\n<div class=\"blockart-column blockart-column-3db284c6\"><div class=\"blockart-column-inner\">\n\n<p><\/p>\n\n<\/div><\/div>\n\n<\/div><\/div><\/div>\n\n\n\n<div id=\"letrero\">\n<center>\n<h1 id=\"letreroh2\">Pr\u00f3rroga para registrar trabajos: 19\u00a0de\u00a0Septiembre de 2025<\/h1>\n<\/center>\n<\/div>\n<br>\n<div class=\"blockart-section blockart-section-7adcb576\"><div class=\"blockart-container\"><div class=\"blockart-section-inner\">\n<div class=\"blockart-column blockart-column-c3386c65\"><div class=\"blockart-column-inner\">\n<h2 class=\"blockart-heading blockart-heading-1a876ffe\">Asistentes<\/h2>\n<p class=\"blockart-paragraph blockart-paragraph-33c83007\"><strong>$<\/strong>150 MXN<\/p>\n<p class=\"blockart-paragraph blockart-paragraph-f45e82c7\">$9 USD<\/p>\n<p class=\"blockart-paragraph blockart-paragraph-cad3eb05\">(Incluye constancia)<\/p>\n<div class=\"blockart-buttons blockart-buttons-4943677f is-justification-center is-horizontal is-wrap\">\n<div class=\"blockart-button blockart-button-64d1a867 \"><a class=\"blockart-button-link is-custom is-style-filled\" href=\"https:\/\/docs.google.com\/forms\/d\/e\/1FAIpQLSd8Q-g3OyjQq_55N0042hzJz602QMeTvZdt1u1KENXuRS34VA\/viewform\">Inscribirme<\/a><\/div>\n<\/div>\n<\/div><\/div>\n<div class=\"blockart-column blockart-column-96b9bb43\"><div class=\"blockart-column-inner\">\n<h2 class=\"blockart-heading blockart-heading-5d5a0150\">Ponentes<\/h2>\n<p class=\"blockart-paragraph blockart-paragraph-e3d50522\"><strong><strong>$400 M<\/strong><\/strong>XN<\/p>\n<p class=\"blockart-paragraph blockart-paragraph-76d6d9be\"><strong><strong>$25 USD<\/strong><\/strong><\/p>\n<p class=\"blockart-paragraph blockart-paragraph-36002f65\">(Incluye constancia)<\/p>\n<div class=\"blockart-buttons blockart-buttons-6f04b1c5 is-justification-center is-horizontal is-wrap\">\n<div class=\"blockart-button blockart-button-deb96322 \"><a class=\"blockart-button-link is-custom is-style-filled\" href=\"https:\/\/docs.google.com\/forms\/d\/e\/1FAIpQLSd8Q-g3OyjQq_55N0042hzJz602QMeTvZdt1u1KENXuRS34VA\/viewform\" target=\"_blank\" rel=\"noopener\">Inscribirme<\/a><\/div>\n<\/div>\n<\/div><\/div>\n<div class=\"blockart-column blockart-column-84688c5f\"><div class=\"blockart-column-inner\">\n<h2 class=\"blockart-heading blockart-heading-00b93203\">P\u00fablico<\/h2>\n<p class=\"blockart-paragraph blockart-paragraph-06baef1f\"><strong><strong>$<\/strong><\/strong>0 MXN<\/p>\n<p class=\"blockart-paragraph blockart-paragraph-a320c669\">$0 USD<\/p>\n<p class=\"blockart-paragraph blockart-paragraph-836a1c36\">(No incluye constancia)<\/p>\n<div class=\"blockart-buttons blockart-buttons-5193bad4 is-justification-center is-horizontal is-wrap\">\n<div class=\"blockart-button blockart-button-57d62c5e \"><a class=\"blockart-button-link is-custom is-style-filled\" href=\"https:\/\/docs.google.com\/forms\/d\/e\/1FAIpQLSd8Q-g3OyjQq_55N0042hzJz602QMeTvZdt1u1KENXuRS34VA\/viewform\">Inscribirme<\/a><\/div>\n<\/div>\n<\/div><\/div>\n<\/div><\/div><\/div>\n\n\n\n<div class=\"blockart-section blockart-section-6cffd591\"><div class=\"blockart-container\"><div class=\"blockart-section-inner\">\n\n<div class=\"blockart-column blockart-column-263dd468\"><div class=\"blockart-column-inner\">\n\n<h2 class=\"blockart-heading blockart-heading-0a1747ef\">\u00bfTienes alguna pregunta?<\/h2>\n\n\n<p class=\"blockart-paragraph blockart-paragraph-98be4072\">Env\u00edanos un correo a <strong><em><mark style=\"background-color:rgba(0, 0, 0, 0)\" class=\"has-inline-color has-luminous-vivid-amber-color\">plnindigenas@gmail.com <\/mark><\/em><\/strong><\/p>\n\n<\/div><\/div>\n\n\n<div class=\"blockart-column blockart-column-edf7c39e\"><div class=\"blockart-column-inner\"><\/div><\/div>\n\n<\/div><\/div><\/div>\n","protected":false},"excerpt":{"rendered":"<p>Transmisi\u00f3n en vivo El comit\u00e9 organizador del 5to Congreso Internacional de Procesamiento de Lenguaje Natural para las Lenguas Ind\u00edgenas, te invita a participar como ponente o asistente. Revisa la convocatoria para conocer los lineamientos y realiza el registro de tu art\u00edculo. Manual para grabar video de presentaci\u00f3n Convocatoria Informaci\u00f3n General INFORMACI\u00d3N Convocatoria Programa sede pagar [&hellip;]<\/p>\n","protected":false},"author":3,"featured_media":1138,"parent":0,"menu_order":0,"comment_status":"open","ping_status":"closed","template":"page-templates\/pagebuilder.php","meta":{"footnotes":""},"class_list":["post-1079","page","type-page","status-publish","has-post-thumbnail","hentry"],"_links":{"self":[{"href":"https:\/\/plnindigenas.org\/index.php\/wp-json\/wp\/v2\/pages\/1079","targetHints":{"allow":["GET"]}}],"collection":[{"href":"https:\/\/plnindigenas.org\/index.php\/wp-json\/wp\/v2\/pages"}],"about":[{"href":"https:\/\/plnindigenas.org\/index.php\/wp-json\/wp\/v2\/types\/page"}],"author":[{"embeddable":true,"href":"https:\/\/plnindigenas.org\/index.php\/wp-json\/wp\/v2\/users\/3"}],"replies":[{"embeddable":true,"href":"https:\/\/plnindigenas.org\/index.php\/wp-json\/wp\/v2\/comments?post=1079"}],"version-history":[{"count":172,"href":"https:\/\/plnindigenas.org\/index.php\/wp-json\/wp\/v2\/pages\/1079\/revisions"}],"predecessor-version":[{"id":1726,"href":"https:\/\/plnindigenas.org\/index.php\/wp-json\/wp\/v2\/pages\/1079\/revisions\/1726"}],"wp:featuredmedia":[{"embeddable":true,"href":"https:\/\/plnindigenas.org\/index.php\/wp-json\/wp\/v2\/media\/1138"}],"wp:attachment":[{"href":"https:\/\/plnindigenas.org\/index.php\/wp-json\/wp\/v2\/media?parent=1079"}],"curies":[{"name":"wp","href":"https:\/\/api.w.org\/{rel}","templated":true}]}}